{"id":18,"date":"2017-03-17T17:04:37","date_gmt":"2017-03-17T16:04:37","guid":{"rendered":"http:\/\/julia-danz.com\/?page_id=18"},"modified":"2025-11-18T16:28:15","modified_gmt":"2025-11-18T15:28:15","slug":"vita","status":"publish","type":"page","link":"https:\/\/julia-danz.com\/?page_id=18","title":{"rendered":"Vita"},"content":{"rendered":"\n<div class=\"wp-block-columns is-layout-flex wp-container-core-columns-is-layout-28f84493 wp-block-columns-is-layout-flex\">\n<div class=\"wp-block-column is-layout-flow wp-block-column-is-layout-flow\" style=\"flex-basis:100%\"><\/div>\n<\/div>\n\n\n\n<div class=\"wp-block-columns is-layout-flex wp-container-core-columns-is-layout-28f84493 wp-block-columns-is-layout-flex\">\n<div class=\"wp-block-column is-layout-flow wp-block-column-is-layout-flow\">\n<div class=\"wp-block-docxpresso-cut-paste-plugin\"><style>\n.docxpressoPlugin {\n\tfont-size: 83.35%;\n}\n\n.h5p_layout {\n    box-sizing: content-box !important;\n}\n\n.h5p_layout *{\n    float: none;\n    text-align: initial;\n\tbox-sizing: border-box;\n}\n\/*to make sure that floating elements are always inside the document bounds*\/\n.h5p_layout:after {\n    content: \" \";\n    display: block;\n    height: 0;\n    clear: both;\n    visibility: hidden;\n}\n\/* a default layout for documents without maste styles *\/\n.h5p_default_layout {\n    margin-top: 3.6rem;\n    margin-left: 8.50464rem;\n    margin-bottom: 3.6rem;\n    margin-right: 8.50464rem;\n    writing-mode: lr-tb;\n}\n\/*hack for IE *\/\nwbr:after { content: \"\\00200B\"; }\n\n\/*hack to get some extra top margin for anchors if needed*\/\n.h5p_layout span[id^=\"_Toc\"]{\n    padding-top: 10px;\n    margin-top: -10px;\n}\n\n\/* Remove unwanted numbering styles *\/\n.h5p_layout .removeNumbering:before{\n    content: initial !important;\n    display: none;\n    all: initial !important;\n}\n\n\/* give zero default top and bottom paddings for paragraphs*\/\n.h5p_layout p {\n    color: #000000;\n    line-height: 1;\n    margin-top: 0;\n    margin-bottom: 0;\n}\n.h5p_layout span {\n    color: #000000;\n    font-weight: normal;\n}\n.h5p_layout span.dropcap {\n    color: inherit;\n    font-family: inherit !important;\n}\n.h5p_layout h1, .h5p_layout h2, .h5p_layout h3, .h5p_layout h4, .h5p_layout h5, .h5p_layout h6 {\n    margin-top: 0;\n    margin-bottom: 0;    \n\tfont-family: inherit;\n    font-weight: 500;\n    line-height: 1;\n    color: inherit;\n}\n\/* give zero default top and bottom paddings for paragraphs in tables*\/\n.h5p_layout table p {\n    margin-top: 0;\n    margin-bottom: 0;\n}\n\n.h5p_layout ul, .h5p_layout ol {\n\tlist-style-type: none;\n    margin-top: 0;\n    margin-bottom: 0.5em;\n    padding-left: 0;\n}\n\n.h5p_layout ul li, .h5p_layout ol li {\n    list-style-type: none;\n    margin-top: 0;\n    margin-bottom: 0.5em;\n    \n}\n.h5p_layout li p {\n    margin-top: 0;\n    margin-bottom: 0;\n}\n.h5p_layout table {\n    border: none;\n}\n.h5p_layout td {\n    vertical-align: top;\n    border: none;\n}\n.h5p_layout th {\n    vertical-align: top;\n    border: none;\n}\n.h5p_layout div {\n    margin-bottom: 10pt;\n}\n\n.h5p_layout img {\n    margin: 0;\n    padding: 0;\n}\n\n.h5p_layout ul ul {\n    margin-top: 0;\n    margin-bottom: 0;\n}\n\n.h5p_layout li {\n    margin-top: 0;\n    margin-bottom: 0;\n    list-style-type: none !important;\n}\n\n.h5p_layout ul, .h5p_layout ol {\n    list-style-type: none !important;\n}\n\n.h5p_layout td[data-sorting] p:before, .h5p_layout th[data-sorting] p:before {\n    content: ' ';\n    padding-right: 16px;\n    background: url(data:image\/png;base64,iVBORw0KGgoAAAANSUhEUgAAAAsAAAALAQMAAACTYuVlAAAAA3NCSVQICAjb4U\/gAAAABlBMVEUjLTD\/\/\/\/tm\/tRAAAACXBIWXMAAAsSAAALEgHS3X78AAAAFnRFWHRDcmVhdGlvbiBUaW1lADAyLzEwLzE2RFpLjQAAACB0RVh0U29mdHdhcmUATWFjcm9tZWRpYSBGaXJld29ya3MgTVi7kSokAAAAI0lEQVR4nGP4\/4Dh9wOGjw8YHjxgOJDA8B9MPgCLAMX\/PwAANZUStiyS6NsAAAAASUVORK5CYII=);\n    background-position: left center;\n    background-repeat: no-repeat;\n}\n\n.sortDecorator {\n    border-bottom: 3px solid #b70000 !important;\n}\n\n\/* This is a spacial class designed to remove unwanted bullets when a li has\nul as its first child*\/\n.h5p_layout .removeBullet:before {\n    content: none !important;\n}\n\n\/*responsive tables*\/\n.h5p_layout div.dxoResponsiveTable{\n    margin: 0 !important;\n    padding: 0 !important;\n    overflow-x: auto !important;\n\toverflow-y: hidden;\n}\n\n\/* chart tooltips *\/\n.c3-tooltip-container td.name {\n    white-space: nowrap;\n}\n\n\/* External services*\/\n.h5p_layout iframe {\n    resize: vertical;\n    border: 1px solid #fff;\n}\n\n.h5p_layout div.youtube {\n    position:relative;\n    padding-bottom:56.25%;\n    height:0;\n    overflow:hidden;\n    background-color: transparent;\n}\n\n.h5p_layout div.youtube iframe {\n    resize: none;\n    position:absolute;\n    top:0;\n    left:0;\n    width:100%;\n    height:100%;\n}\n\n\n div#h5p_69eb807b49941 p.P1 {break-before: page !important;text-align: justify !important;line-height: 1.5 !important;font-size: 11pt;}\n div#h5p_69eb807b49941 span.T2 {font-family: Avenir Next LT Pro !important;font-size: 14pt !important;}\n div#h5p_69eb807b49941 p.P3 {text-align: justify !important;line-height: 1.5 !important;font-size: 11pt;}\n div#h5p_69eb807b49941 p.P3 span {hyphenate: false;font-family: Avenir Next LT Pro;font-size: 14pt;}\n div#h5p_69eb807b49941 p.P4 {text-align: justify !important;line-height: 1.5 !important;font-size: 11pt;}\n div#h5p_69eb807b49941 span.T5 {font-family: Avenir Next LT Pro !important;font-size: 14pt !important;}\n div#h5p_69eb807b49941 span.T6 {font-family: Avenir Next LT Pro !important;font-style: italic !important;font-size: 14pt !important;}\n div#h5p_69eb807b49941 span.T7 {font-family: Avenir Next LT Pro !important;font-size: 14pt !important;}\n div#h5p_69eb807b49941 span.T8 {font-family: Avenir Next LT Pro !important;font-style: italic !important;font-size: 14pt !important;}\n div#h5p_69eb807b49941 span.T9 {font-family: Avenir Next LT Pro !important;font-size: 14pt !important;}\n div#h5p_69eb807b49941 span.T10 {font-family: Avenir Next LT Pro !important;font-style: italic !important;font-size: 14pt !important;}\n div#h5p_69eb807b49941 span.T11 {font-family: Avenir Next LT Pro !important;font-size: 14pt !important;}\n div#h5p_69eb807b49941 span.T12 {font-family: Avenir Next LT Pro !important;font-style: italic !important;font-size: 14pt !important;}\n div#h5p_69eb807b49941 span.T13 {font-family: Avenir Next LT Pro !important;font-size: 14pt !important;}\n div#h5p_69eb807b49941 span.T14 {font-family: Avenir Next LT Pro !important;font-style: italic !important;font-size: 14pt !important;}\n div#h5p_69eb807b49941 span.T15 {font-family: Avenir Next LT Pro !important;font-size: 14pt !important;}\n div#h5p_69eb807b49941 p.P16 {text-align: justify !important;line-height: 1.5 !important;font-size: 11pt;}\n div#h5p_69eb807b49941 p.P16 span {hyphenate: false;font-family: Avenir Next LT Pro;font-size: 14pt;}\n div#h5p_69eb807b49941 p.P17 {text-align: justify !important;font-size: 11pt;}\n div#h5p_69eb807b49941 p.P17 span {hyphenate: false;font-family: Avenir Next LT Pro;font-size: 14pt;}\n div#h5p_69eb807b49941 p.\u00dcberschrift1 {keep-with-next: always !important;keep-together: always !important;margin-top: 0.25in !important;margin-bottom: 0.0555in !important;font-size: 11pt;}\n div#h5p_69eb807b49941 p.\u00dcberschrift1 span {hyphenate: false;font-family: Aptos Display;color: #0F4761;font-size: 20pt;hyphenate: false;}\n div#h5p_69eb807b49941 p.\u00dcberschrift2 {keep-with-next: always !important;keep-together: always !important;margin-top: 0.1111in !important;margin-bottom: 0.0555in !important;font-size: 11pt;}\n div#h5p_69eb807b49941 p.\u00dcberschrift2 span {hyphenate: false;font-family: Aptos Display;color: #0F4761;font-size: 16pt;hyphenate: false;}\n div#h5p_69eb807b49941 p.\u00dcberschrift3 {keep-with-next: always !important;keep-together: always !important;margin-top: 0.1111in !important;margin-bottom: 0.0555in !important;font-size: 11pt;}\n div#h5p_69eb807b49941 p.\u00dcberschrift3 span {hyphenate: false;color: #0F4761;font-size: 14pt;hyphenate: false;}\n div#h5p_69eb807b49941 p.\u00dcberschrift4 {keep-with-next: always !important;keep-together: always !important;margin-top: 0.0555in !important;margin-bottom: 0.0277in !important;font-size: 11pt;}\n div#h5p_69eb807b49941 p.\u00dcberschrift4 span {hyphenate: false;font-style: italic;color: #0F4761;hyphenate: false;font-size: 11pt;}\n div#h5p_69eb807b49941 p.\u00dcberschrift5 {keep-with-next: always !important;keep-together: always !important;margin-top: 0.0555in !important;margin-bottom: 0.0277in !important;font-size: 11pt;}\n div#h5p_69eb807b49941 p.\u00dcberschrift5 span {hyphenate: false;color: #0F4761;hyphenate: false;font-size: 11pt;}\n div#h5p_69eb807b49941 p.\u00dcberschrift6 {keep-with-next: always !important;keep-together: always !important;margin-top: 0.0277in !important;margin-bottom: 0in !important;font-size: 11pt;}\n div#h5p_69eb807b49941 p.\u00dcberschrift6 span {hyphenate: false;font-style: italic;color: #595959;hyphenate: false;font-size: 11pt;}\n div#h5p_69eb807b49941 p.\u00dcberschrift7 {keep-with-next: always !important;keep-together: always !important;margin-top: 0.0277in !important;margin-bottom: 0in !important;font-size: 11pt;}\n div#h5p_69eb807b49941 p.\u00dcberschrift7 span {hyphenate: false;color: #595959;hyphenate: false;font-size: 11pt;}\n div#h5p_69eb807b49941 p.\u00dcberschrift8 {keep-with-next: always !important;keep-together: always !important;margin-bottom: 0in !important;font-size: 11pt;}\n div#h5p_69eb807b49941 p.\u00dcberschrift8 span {hyphenate: false;font-style: italic;color: #272727;hyphenate: false;font-size: 11pt;}\n div#h5p_69eb807b49941 p.\u00dcberschrift9 {keep-with-next: always !important;keep-together: always !important;margin-bottom: 0in !important;font-size: 11pt;}\n div#h5p_69eb807b49941 p.\u00dcberschrift9 span {hyphenate: false;color: #272727;hyphenate: false;font-size: 11pt;}\n div#h5p_69eb807b49941 p.Standard {font-size: 11pt;}\n div#h5p_69eb807b49941 p.Standard span {hyphenate: false;font-size: 11pt;}\n div#h5p_69eb807b49941 span.Absatz-Standardschriftart {font-size: 11pt;}\n div#h5p_69eb807b49941 span.\u00dcberschrift1Zchn {font-family: Aptos Display !important;color: #0F4761 !important;font-size: 20pt !important;}\n div#h5p_69eb807b49941 span.\u00dcberschrift2Zchn {font-family: Aptos Display !important;color: #0F4761 !important;font-size: 16pt !important;}\n div#h5p_69eb807b49941 span.\u00dcberschrift3Zchn {color: #0F4761 !important;font-size: 14pt !important;}\n div#h5p_69eb807b49941 span.\u00dcberschrift4Zchn {font-style: italic !important;color: #0F4761 !important;font-size: 11pt;}\n div#h5p_69eb807b49941 span.\u00dcberschrift5Zchn {color: #0F4761 !important;font-size: 11pt;}\n div#h5p_69eb807b49941 span.\u00dcberschrift6Zchn {font-style: italic !important;color: #595959 !important;font-size: 11pt;}\n div#h5p_69eb807b49941 span.\u00dcberschrift7Zchn {color: #595959 !important;font-size: 11pt;}\n div#h5p_69eb807b49941 span.\u00dcberschrift8Zchn {font-style: italic !important;color: #272727 !important;font-size: 11pt;}\n div#h5p_69eb807b49941 span.\u00dcberschrift9Zchn {color: #272727 !important;font-size: 11pt;}\n div#h5p_69eb807b49941 p.Titel {margin-bottom: 0.0555in !important;line-height: 1 !important;font-size: 11pt;}\n div#h5p_69eb807b49941 p.Titel span {hyphenate: false;font-family: Aptos Display;letter-spacing: -0.0069in;font-size: 28pt;hyphenate: false;}\n div#h5p_69eb807b49941 span.TitelZchn {font-family: Aptos Display !important;letter-spacing: -0.0069in !important;font-size: 28pt !important;}\n div#h5p_69eb807b49941 p.Untertitel {font-size: 11pt;}\n div#h5p_69eb807b49941 p.Untertitel span {hyphenate: false;color: #595959;letter-spacing: 0.0104in;font-size: 14pt;hyphenate: false;}\n div#h5p_69eb807b49941 span.UntertitelZchn {color: #595959 !important;letter-spacing: 0.0104in !important;font-size: 14pt !important;}\n div#h5p_69eb807b49941 p.Zitat {text-align: center !important;margin-top: 0.1111in !important;font-size: 11pt;}\n div#h5p_69eb807b49941 p.Zitat span {hyphenate: false;font-style: italic;color: #404040;hyphenate: false;font-size: 11pt;}\n div#h5p_69eb807b49941 span.ZitatZchn {font-style: italic !important;color: #404040 !important;font-size: 11pt;}\n div#h5p_69eb807b49941 p.Listenabsatz {margin-left: 0.5in !important;font-size: 11pt;}\n div#h5p_69eb807b49941 p.Listenabsatz span {hyphenate: false;hyphenate: false;font-size: 11pt;}\n div#h5p_69eb807b49941 span.IntensiveHervorhebung {font-style: italic !important;color: #0F4761 !important;font-size: 11pt;}\n div#h5p_69eb807b49941 p.IntensivesZitat {border-top: 1px solid #0F4761 !important;border-left: none !important;border-bottom: 1px solid #0F4761 !important;border-right: none !important;padding-top: 0.1388in !important;padding-left: 0in !important;padding-bottom: 0.1388in !important;padding-right: 0in !important;text-align: center !important;margin-top: 0.25in !important;margin-bottom: 0.25in !important;margin-left: 0.6in !important;margin-right: 0.6in !important;font-size: 11pt;}\n div#h5p_69eb807b49941 p.IntensivesZitat span {hyphenate: false;font-style: italic;color: #0F4761;hyphenate: false;font-size: 11pt;}\n div#h5p_69eb807b49941 span.IntensivesZitatZchn {font-style: italic !important;color: #0F4761 !important;font-size: 11pt;}\n div#h5p_69eb807b49941 span.IntensiverVerweis {font-weight: bold !important;font-variant: small-caps !important;color: #0F4761 !important;letter-spacing: 0.0034in !important;font-size: 11pt;}\n div#h5p_69eb807b49941 p.KeinLeerraum {margin-bottom: 0in !important;line-height: 1 !important;font-size: 11pt;}\n div#h5p_69eb807b49941 p.KeinLeerraum span {hyphenate: false;font-size: 11pt;}\n div#h5p_69eb807b49941 div {font-size: 11pt;}\n div#h5p_69eb807b49941 p.P1 span {hyphenate: false;hyphenate: false;font-size: 11pt;}\n div#h5p_69eb807b49941 p.P4 span {hyphenate: false;hyphenate: false;font-size: 11pt;}\n div#h5p_69eb807b49941 table {margin-left: 0in;border-collapse: collapse;writing-mode: lr-tb;font-size: 11pt;}\n div#h5p_69eb807b49941 table tr {height: 0in;keep-together: auto;font-size: 11pt;}\n div#h5p_69eb807b49941 table td, table th {background-color: transparent;vertical-align: top;wrap-option: wrap;font-size: 11pt;}\n div#h5p_69eb807b49941 p {keep-with-next: auto;keep-together: auto;widows: 2;orphans: 2;break-before: auto;border: none;text-align: left;writing-mode: lr-tb;vertical-align: auto;margin-bottom: 0.1111in;line-height: 1.05;background-color: transparent;font-size: 11pt;}\n div#h5p_69eb807b49941 p span {font-family: Aptos;font-weight: normal;font-style: normal;text-transform: none;font-variant: normal;letter-spacing: normal;font-size: 11pt;background-color: transparent;text-decoration: none;text-decoration-color: font-color;language: de;country: DE;hyphenate: true;}\n\n<\/style>\n<div id=\"h5p_69eb807b49941\"><section id=\"section_0\" class=\"h5p_layout h5p_page h5p_page_PL0\"><div class=\"PL0\"><p class=\"P1\"><span class=\"T2\">Julia Danz studierte Gesang an den Musikhochschulen in Saarbr\u00fccken und Leipzig und schloss ihr Studium mit Auszeichnung ab. Bereits w\u00e4hrend ihrer Ausbildung deb\u00fctierte sie an der Leipziger Oper. Sie ist mehrfache Preistr\u00e4gerin und Finalistin internationaler Gesangswettbewerbe.<\/span><\/p><p class=\"P3\"><span>Nach ihrem Studium war sie zun\u00e4chst Mitglied des Opernstudios Niederrhein, gefolgt von einem Festengagement an der Staatsoperette Dresden. Seitdem ist Julia Danz freischaffend t\u00e4tig und gastiert regelm\u00e4\u00dfig an renommierten B\u00fchnen, darunter das G\u00e4rtnerplatztheater M\u00fcnchen, die Deutsche Oper am Rhein, das Deutsche Nationaltheater Weimar, die Staatstheater Chemnitz, Cottbus und Regensburg, das Stadttheater Bremerhaven, die Opernfestspiele Heidenheim, das Goetheanum in der Schweiz sowie das Saaremaa Opernfestival in Estland.<\/span><\/p><p class=\"P4\"><span class=\"T5\">Ihr Repertoire umfasst eine Vielzahl wichtiger Partien, darunter&#x200b;&#x200b;&nbsp;<\/span><span class=\"T6\">Pamina<\/span><span class=\"T7\">&#x200b;&#x200b;&nbsp;(\u00bbDie Zauberfl\u00f6te\u00ab),&#x200b;&#x200b;&nbsp;<\/span><span class=\"T8\">Gretel<\/span><span class=\"T9\">&#x200b;&#x200b;&nbsp;(\u00bbH\u00e4nsel und Gretel\u00ab),&#x200b;&#x200b;&nbsp;<\/span><span class=\"T10\">Lauretta<\/span><span class=\"T11\">&#x200b;&#x200b;&nbsp;(\u00bbGianni Schicchi\u00ab),&#x200b;&#x200b;&nbsp;<\/span><span class=\"T12\">Mimi<\/span><span class=\"T13\">&#x200b;&#x200b;&nbsp;(\u00bbLa Boh\u00e8me\u00ab) und&#x200b;&#x200b;&nbsp;<\/span><span class=\"T14\">Euridice<\/span><span class=\"T15\">&#x200b;&#x200b;&nbsp;(\u00bbOrfeo ed Euridice\u00ab von Gluck).\u00a0<\/span><\/p><p class=\"P16\"><span>Neben ihren Opernengagements ist Julia Danz auch eine gefragte Konzertsolistin. Sie wurde unter anderem f\u00fcr Beethovens 9. Sinfonie nach Japan eingeladen und arbeitete mit namhaften Orchestern wie der Philharmonie Baden-Baden, dem Sinfonieorchester Wuppertal, der Philharmonie S\u00fcdwestfalen, dem Gewandhausorchester Leipzig und den Bergischen Symphonikern zusammen.<\/span><\/p><p class=\"P17\">&nbsp;<\/p><\/div><\/section><script>(function( $ ) {\n    \/\/footnotes\n    $('.defaultNote').children(\":first\").css('cursor', 'pointer');\n    $('.defaultNote').children(\":first\").click(function(){\n        var gotoID = '#' + $(this).parent().attr('id');\n        $('html, body').animate(\n            {\n              scrollTop: $('a[href=\"' + gotoID + '\"]').offset().top - 60,\n            },\n            250,\n            'linear'\n          )\n    });\n}(jQuery));\n\n\n<\/script><script>\nvar numFormat = \".,\";\n(function( $ ) {\n    \"use strict\";\n    \/\/do some cleaning on load\n    var sortCells = $('td[data-sorting], th[data-sorting]');\n    sortCells.each(function(){\n        var first = $(this).text().trim().charAt(0);\n        if (first == '@'){\n            var oldHTML = $(this).html();\n            var newHTML = oldHTML.replace('@', '');\n            $(this).html(newHTML);\n        } \n    });\n    function sortingTable(node, pos, ordBy){\n        var rows = node.children('tbody').children('tr').get();\n\n        rows.sort(function(a, b) {\n\n        var X = $(a).children('td').eq(pos).text().toUpperCase();\n        var Y = $(b).children('td').eq(pos).text().toUpperCase();\n        \n        if (numFormat != '.,'){\n            \/\/we are dealing with a different locale and we need to do some \n            \/\/transformation in numbers\n            X = convert2number(X);\n            Y = convert2number(Y);\n        } else {\n            X = X.replace(\/,\/g, '').replace(\/ \/g, '');\n            Y = Y.replace(\/,\/g, '').replace(\/ \/g, '');\n        }\n        var currencies = ['$', '\u00a5', '\u00a3', '\u20ac'];\n        var arrayLength = currencies.length;\n        var XX = X;\n        var YY = Y;\n        for (var i = 0; i < arrayLength; i++) {\n            XX = XX.replace(currencies[i], '');\n            YY = YY.replace(currencies[i], '');\n        }\n        if (!isNaN(XX) && !isNaN(YY)){\n            var floatXX = parseFloat(XX);\n            var floatYY = parseFloat(YY);\n            return -(floatYY-floatXX) * ordBy;\n        } else if (!isNaN(XX) && isNaN(YY)){\n            return -1 * ordBy;\n        } else if (isNaN(XX) && !isNaN(YY)){\n            return ordBy;\n        } else {\n            if(X < Y) {\n                return -1 * ordBy;\n            }\n            if(X > Y) {\n                return 1 * ordBy;\n            }\n            return 0;\n        }\n      });\n\n      $.each(rows, function(index, row) {\n        node.children('tbody').append(row);\n      });\n    }\n    \n    function removeTableCellDecoration() {\n        $(\"td[data-sorting], th[data-sorting]\").removeClass('sortDecorator');    \n    }\n    \n    \/\/unbind the click event just in case we are loading more than one document\n    $(\"td[data-sorting], th[data-sorting]\").off('click');\n    $(\"td[data-sorting], th[data-sorting]\").click(function(){\n        removeTableCellDecoration();\n        $(this).addClass('sortDecorator');\n        \/\/get desired ordering\n        var ordering = $(this).attr('data-sortOrdering');\n        if (ordering == 'ASC'){\n            var ordBy = -1;\n            $(this).attr('data-sortOrdering', 'DESC');\n        } else {\n            var ordBy = 1;\n            $(this).attr('data-sortOrdering', 'ASC');\n        }\n        var cellPosition = $(this).prevAll().length;\n        var table = $(this).parents('table:first');\n        sortingTable(table, cellPosition, ordBy);\n    });  \n    \n    function convert2number(str) {\n        str = str.trim();\n        if (str.match(\/^\\d+\/)) {\n            \/\/we have to take special care when the thousand separators are '.'\n            var result_0 = str.replace(\/\\.\/g, '_@_');\n            var result_1 = result_0.replace(window.numFormat[0], '.');\n            var result = result_1.replace(\/_@_\/g, '');\n            result .replace(\/ \/g, '');\n            return result;\n        } else {\n            return str;\n        }\n        \n    }\n    \n}(jQuery));\n\n\n<\/script><\/div><\/div>\n<\/div>\n\n\n\n<div class=\"wp-block-column is-layout-flow wp-block-column-is-layout-flow\">\n<figure class=\"wp-block-image alignleft size-large is-style-rounded\"><img loading=\"lazy\" decoding=\"async\" width=\"731\" height=\"1024\" src=\"https:\/\/julia-danz.com\/wp-content\/uploads\/2022\/05\/GNZ_9015-731x1024.jpg\" alt=\"\" class=\"wp-image-866\" srcset=\"https:\/\/julia-danz.com\/wp-content\/uploads\/2022\/05\/GNZ_9015-731x1024.jpg 731w, https:\/\/julia-danz.com\/wp-content\/uploads\/2022\/05\/GNZ_9015-214x300.jpg 214w, https:\/\/julia-danz.com\/wp-content\/uploads\/2022\/05\/GNZ_9015-768x1075.jpg 768w, https:\/\/julia-danz.com\/wp-content\/uploads\/2022\/05\/GNZ_9015-1097x1536.jpg 1097w, https:\/\/julia-danz.com\/wp-content\/uploads\/2022\/05\/GNZ_9015-1463x2048.jpg 1463w, https:\/\/julia-danz.com\/wp-content\/uploads\/2022\/05\/GNZ_9015-920x1288.jpg 920w, https:\/\/julia-danz.com\/wp-content\/uploads\/2022\/05\/GNZ_9015-230x322.jpg 230w, https:\/\/julia-danz.com\/wp-content\/uploads\/2022\/05\/GNZ_9015-350x490.jpg 350w, https:\/\/julia-danz.com\/wp-content\/uploads\/2022\/05\/GNZ_9015-480x672.jpg 480w, https:\/\/julia-danz.com\/wp-content\/uploads\/2022\/05\/GNZ_9015-scaled.jpg 1829w\" sizes=\"auto, (max-width: 731px) 100vw, 731px\" \/><\/figure>\n<\/div>\n<\/div>\n\n\n\n<p><\/p>\n","protected":false},"excerpt":{"rendered":"","protected":false},"author":1,"featured_media":0,"parent":0,"menu_order":0,"comment_status":"closed","ping_status":"closed","template":"page-templates\/page_fullwidth.php","meta":{"footnotes":""},"class_list":["post-18","page","type-page","status-publish","hentry"],"_links":{"self":[{"href":"https:\/\/julia-danz.com\/index.php?rest_route=\/wp\/v2\/pages\/18","targetHints":{"allow":["GET"]}}],"collection":[{"href":"https:\/\/julia-danz.com\/index.php?rest_route=\/wp\/v2\/pages"}],"about":[{"href":"https:\/\/julia-danz.com\/index.php?rest_route=\/wp\/v2\/types\/page"}],"author":[{"embeddable":true,"href":"https:\/\/julia-danz.com\/index.php?rest_route=\/wp\/v2\/users\/1"}],"replies":[{"embeddable":true,"href":"https:\/\/julia-danz.com\/index.php?rest_route=%2Fwp%2Fv2%2Fcomments&post=18"}],"version-history":[{"count":43,"href":"https:\/\/julia-danz.com\/index.php?rest_route=\/wp\/v2\/pages\/18\/revisions"}],"predecessor-version":[{"id":1273,"href":"https:\/\/julia-danz.com\/index.php?rest_route=\/wp\/v2\/pages\/18\/revisions\/1273"}],"wp:attachment":[{"href":"https:\/\/julia-danz.com\/index.php?rest_route=%2Fwp%2Fv2%2Fmedia&parent=18"}],"curies":[{"name":"wp","href":"https:\/\/api.w.org\/{rel}","templated":true}]}}